{"id":18,"date":"2025-01-14T08:42:49","date_gmt":"2025-01-14T08:42:49","guid":{"rendered":"https:\/\/impact.fo\/?page_id=18"},"modified":"2025-01-29T22:58:02","modified_gmt":"2025-01-29T22:58:02","slug":"18-2","status":"publish","type":"page","link":"https:\/\/impact.fo\/","title":{"rendered":"Front page"},"content":{"rendered":"\n<div class=\"wp-block-cover alignfull has-base-color has-text-color has-link-color wp-elements-1185d0a7cc29b71533b02859000b4e19\" style=\"min-height:599px;aspect-ratio:unset;\"><span aria-hidden=\"true\" class=\"wp-block-cover__background has-contrast-background-color has-background-dim-30 has-background-dim\"><\/span><img loading=\"lazy\" decoding=\"async\" width=\"1792\" height=\"1024\" class=\"wp-block-cover__image-background wp-image-69\" alt=\"\" src=\"https:\/\/impact.fo\/wp-content\/uploads\/2025\/01\/Hero-image.webp\" data-object-fit=\"cover\" srcset=\"https:\/\/impact.fo\/wp-content\/uploads\/2025\/01\/Hero-image.webp 1792w, https:\/\/impact.fo\/wp-content\/uploads\/2025\/01\/Hero-image-300x171.webp 300w, https:\/\/impact.fo\/wp-content\/uploads\/2025\/01\/Hero-image-1024x585.webp 1024w, https:\/\/impact.fo\/wp-content\/uploads\/2025\/01\/Hero-image-768x439.webp 768w, https:\/\/impact.fo\/wp-content\/uploads\/2025\/01\/Hero-image-1536x878.webp 1536w\" sizes=\"auto, (max-width: 1792px) 100vw, 1792px\" \/><div class=\"wp-block-cover__inner-container has-global-padding is-layout-constrained wp-container-core-cover-is-layout-19e250f3 wp-block-cover-is-layout-constrained\">\n<p class=\"has-text-align-center\">Alt innan<\/p>\n\n\n\n<h1 class=\"wp-block-heading has-text-align-center\">Grevstur og betong<\/h1>\n\n\n\n<p class=\"has-text-align-center has-base-color has-text-color has-link-color wp-elements-c699c2d06f97599b1a8729adc18ec93d\">Impact kann veita t\u00e6r hj\u00e1lp vi\u00f0 \u00f8llum uppg\u00e1vum.<\/p>\n<\/div><\/div>\n\n\n\n<div class=\"wp-block-group alignfull has-global-padding is-layout-constrained wp-container-core-group-is-layout-0d85de7f wp-block-group-is-layout-constrained\" id=\"taenastur\" style=\"margin-top:0;margin-bottom:0;padding-top:var(--wp--preset--spacing--60);padding-bottom:var(--wp--preset--spacing--60)\">\n<h2 class=\"wp-block-heading alignwide\">Okkara t\u00e6nastur<\/h2>\n\n\n\n<div class=\"wp-block-columns alignwide is-layout-flex wp-container-core-columns-is-layout-28f84493 wp-block-columns-is-layout-flex\">\n<div class=\"wp-block-column is-layout-flow wp-block-column-is-layout-flow\">\n<figure class=\"wp-block-image size-full\" style=\"margin-bottom:24px\"><img loading=\"lazy\" decoding=\"async\" width=\"1024\" height=\"1024\" src=\"https:\/\/impact.fo\/wp-content\/uploads\/2025\/01\/Betong-Ingvars-MacBook-Pro-2.webp\" alt=\"\" class=\"wp-image-68\" style=\"aspect-ratio:4\/3;object-fit:cover\" srcset=\"https:\/\/impact.fo\/wp-content\/uploads\/2025\/01\/Betong-Ingvars-MacBook-Pro-2.webp 1024w, https:\/\/impact.fo\/wp-content\/uploads\/2025\/01\/Betong-Ingvars-MacBook-Pro-2-300x300.webp 300w, https:\/\/impact.fo\/wp-content\/uploads\/2025\/01\/Betong-Ingvars-MacBook-Pro-2-150x150.webp 150w, https:\/\/impact.fo\/wp-content\/uploads\/2025\/01\/Betong-Ingvars-MacBook-Pro-2-768x768.webp 768w\" sizes=\"auto, (max-width: 1024px) 100vw, 1024px\" \/><\/figure>\n\n\n\n<h3 class=\"wp-block-heading\">Betong arbei\u00f0i<\/h3>\n\n\n\n<p class=\"has-medium-font-size\">Betong er grundarlagi\u00f0 undir flestu byggiverk\u00e6tlanum og krevur b\u00e6\u00f0i g\u00f3\u00f0sku og neyvt handverk. Vit leggja dent \u00e1 slitstyrki og tryggar loysnir, i\u00f0 h\u00f3ska til f\u00f8royska ve\u00f0urlagi\u00f0.<\/p>\n<\/div>\n\n\n\n<div class=\"wp-block-column is-layout-flow wp-block-column-is-layout-flow\">\n<figure class=\"wp-block-image size-full\" style=\"margin-bottom:24px\"><img loading=\"lazy\" decoding=\"async\" width=\"1024\" height=\"1024\" src=\"https:\/\/impact.fo\/wp-content\/uploads\/2025\/01\/grevstur.webp\" alt=\"\" class=\"wp-image-67\" style=\"aspect-ratio:4\/3;object-fit:cover\" srcset=\"https:\/\/impact.fo\/wp-content\/uploads\/2025\/01\/grevstur.webp 1024w, https:\/\/impact.fo\/wp-content\/uploads\/2025\/01\/grevstur-300x300.webp 300w, https:\/\/impact.fo\/wp-content\/uploads\/2025\/01\/grevstur-150x150.webp 150w, https:\/\/impact.fo\/wp-content\/uploads\/2025\/01\/grevstur-768x768.webp 768w\" sizes=\"auto, (max-width: 1024px) 100vw, 1024px\" \/><\/figure>\n\n\n\n<h3 class=\"wp-block-heading\">Grevstur<\/h3>\n\n\n\n<p class=\"has-medium-font-size\">Grevstur er ein t\u00fddningarmikil partur av \u00f8llum byggiverk\u00e6tlanum. Vit tryggja n\u00e1kv\u00e6mi, trygd og effektivitet \u00ed \u00f8llum arbei\u00f0num \u2013 fr\u00e1 jar\u00f0arbei\u00f0i til fyrireiking av byggipl\u00e1ssi.<\/p>\n<\/div>\n\n\n\n<div class=\"wp-block-column is-layout-flow wp-block-column-is-layout-flow\">\n<figure class=\"wp-block-image size-full\" style=\"margin-bottom:24px\"><img loading=\"lazy\" decoding=\"async\" width=\"1024\" height=\"1024\" src=\"https:\/\/impact.fo\/wp-content\/uploads\/2025\/01\/Timbur.webp\" alt=\"\" class=\"wp-image-66\" style=\"aspect-ratio:4\/3;object-fit:cover\" srcset=\"https:\/\/impact.fo\/wp-content\/uploads\/2025\/01\/Timbur.webp 1024w, https:\/\/impact.fo\/wp-content\/uploads\/2025\/01\/Timbur-300x300.webp 300w, https:\/\/impact.fo\/wp-content\/uploads\/2025\/01\/Timbur-150x150.webp 150w, https:\/\/impact.fo\/wp-content\/uploads\/2025\/01\/Timbur-768x768.webp 768w\" sizes=\"auto, (max-width: 1024px) 100vw, 1024px\" \/><\/figure>\n\n\n\n<h3 class=\"wp-block-heading\">Timburarbei\u00f0i<\/h3>\n\n\n\n<p class=\"has-medium-font-size\">Timburarbei\u00f0i er kjarnin \u00ed mongum byggiverk\u00e6tlanum. Vit leggja dent \u00e1 g\u00f3\u00f0sku, n\u00e6rlagni og sterkar loysnir, i\u00f0 b\u00e6\u00f0i eru vakrar og haldf\u00f8rar. Vi\u00f0 okkara dr\u00fagvu royndum tryggja vit eitt \u00farslit, i\u00f0 livir upp til t\u00edni kr\u00f8v og v\u00e6ntanir.<\/p>\n<\/div>\n<\/div>\n<\/div>\n\n\n\n<div class=\"wp-block-group alignfull is-style-section-1 has-global-padding is-layout-constrained wp-block-group-is-layout-constrained is-style-section-1--1\" id=\"um-okkum\" style=\"margin-top:0;margin-bottom:0;padding-top:var(--wp--preset--spacing--80);padding-bottom:var(--wp--preset--spacing--80)\">\n<div class=\"wp-block-columns alignwide is-layout-flex wp-container-core-columns-is-layout-66fad18a wp-block-columns-is-layout-flex\">\n<div class=\"wp-block-column is-layout-flow wp-block-column-is-layout-flow\" style=\"padding-right:var(--wp--preset--spacing--50);flex-basis:45%\">\n<figure class=\"wp-block-image size-full\"><img loading=\"lazy\" decoding=\"async\" width=\"2560\" height=\"1707\" src=\"https:\/\/impact.fo\/wp-content\/uploads\/2025\/01\/built-robotics-Bkjia_-86C4-unsplash-scaled.jpg\" alt=\"\" class=\"wp-image-25\" srcset=\"https:\/\/impact.fo\/wp-content\/uploads\/2025\/01\/built-robotics-Bkjia_-86C4-unsplash-scaled.jpg 2560w, https:\/\/impact.fo\/wp-content\/uploads\/2025\/01\/built-robotics-Bkjia_-86C4-unsplash-300x200.jpg 300w, https:\/\/impact.fo\/wp-content\/uploads\/2025\/01\/built-robotics-Bkjia_-86C4-unsplash-1024x683.jpg 1024w, https:\/\/impact.fo\/wp-content\/uploads\/2025\/01\/built-robotics-Bkjia_-86C4-unsplash-768x512.jpg 768w, https:\/\/impact.fo\/wp-content\/uploads\/2025\/01\/built-robotics-Bkjia_-86C4-unsplash-1536x1024.jpg 1536w, https:\/\/impact.fo\/wp-content\/uploads\/2025\/01\/built-robotics-Bkjia_-86C4-unsplash-2048x1366.jpg 2048w\" sizes=\"auto, (max-width: 2560px) 100vw, 2560px\" \/><\/figure>\n\n\n\n<div class=\"wp-block-group has-global-padding is-layout-constrained wp-block-group-is-layout-constrained\" style=\"margin-top:-12vw\">\n<figure class=\"wp-block-image alignright size-full is-resized\" style=\"margin-right:-5vw;margin-left:-5vw\"><img loading=\"lazy\" decoding=\"async\" width=\"1707\" height=\"2560\" src=\"https:\/\/impact.fo\/wp-content\/uploads\/2025\/01\/emma-raphael-ttS-i2y9Bo-unsplash-scaled.jpg\" alt=\"\" class=\"wp-image-39\" style=\"width:202px\" srcset=\"https:\/\/impact.fo\/wp-content\/uploads\/2025\/01\/emma-raphael-ttS-i2y9Bo-unsplash-scaled.jpg 1707w, https:\/\/impact.fo\/wp-content\/uploads\/2025\/01\/emma-raphael-ttS-i2y9Bo-unsplash-200x300.jpg 200w, https:\/\/impact.fo\/wp-content\/uploads\/2025\/01\/emma-raphael-ttS-i2y9Bo-unsplash-683x1024.jpg 683w, https:\/\/impact.fo\/wp-content\/uploads\/2025\/01\/emma-raphael-ttS-i2y9Bo-unsplash-768x1152.jpg 768w, https:\/\/impact.fo\/wp-content\/uploads\/2025\/01\/emma-raphael-ttS-i2y9Bo-unsplash-1024x1536.jpg 1024w, https:\/\/impact.fo\/wp-content\/uploads\/2025\/01\/emma-raphael-ttS-i2y9Bo-unsplash-1365x2048.jpg 1365w\" sizes=\"auto, (max-width: 1707px) 100vw, 1707px\" \/><\/figure>\n<\/div>\n<\/div>\n\n\n\n<div class=\"wp-block-column is-vertically-aligned-center is-layout-flow wp-block-column-is-layout-flow\" style=\"padding-right:0;padding-left:0;flex-basis:50%\">\n<div class=\"wp-block-group is-vertical is-layout-flex wp-container-core-group-is-layout-fe9cc265 wp-block-group-is-layout-flex\">\n<h2 class=\"wp-block-heading is-style-text-annotation has-medium-font-size is-style-text-annotation--2\">Um okkum<\/h2>\n<\/div>\n\n\n\n<p class=\"is-style-text-subtitle is-style-text-subtitle--3\">Impact kann loysa \u00f8ll uttandura arbei\u00f0i, j\u00f8r\u00f0 og kloakarbei\u00f0i, umframt betong og timburarbei\u00f0ir. St\u00f8rt sum sm\u00e1tt.&nbsp;<\/p>\n\n\n\n<p class=\"is-style-text-subtitle is-style-text-subtitle--4\">Vi\u00f0 yvir 20 \u00e1ra royndum \u00ed byggivinnuni havi eg ment eina brei\u00f0a og sterka fatan av \u00f8kinum. Eg eri \u00fatb\u00fagvin timburma\u00f0ur, byggit\u00f8kningur og byggifr\u00f8\u00f0ingur, sum gevur m\u00e6r eina sterka samanrenning av praktiskum handverki og fakligari vitan.<\/p>\n\n\n\n<p class=\"is-style-text-subtitle is-style-text-subtitle--5\">\u00cdgj\u00f8gnum \u00e1rini havi eg arbeitt \u00e1 ymsum verk\u00e6tlanum og serligani lagt meg eftir at finna loysnir, i\u00f0 sameina g\u00f3\u00f0sku, funkti\u00f3n og effektivitet. Eg brenni fyri at n\u00fdta m\u00edna vitan og royndir til at skapa vir\u00f0i \u00ed \u00f8llum byggiverk\u00e6tlanum.<\/p>\n\n\n\n<p class=\"is-style-text-subtitle has-accent-1-color has-text-color has-link-color wp-elements-4639eab02a23656d345d416f5e3a70d3 is-style-text-subtitle--6\"><strong>Impact kann veita t\u00e6r hj\u00e1lp vi\u00f0 \u00f8llum uppg\u00e1vum.<\/strong><\/p>\n<\/div>\n<\/div>\n<\/div>\n","protected":false},"excerpt":{"rendered":"<p>Okkara t\u00e6nastur Betong arbei\u00f0i Betong er grundarlagi\u00f0 undir flestu byggiverk\u00e6tlanum og krevur b\u00e6\u00f0i g\u00f3\u00f0sku og neyvt handverk. Vit leggja dent \u00e1 slitstyrki og tryggar loysnir, i\u00f0 h\u00f3ska til f\u00f8royska ve\u00f0urlagi\u00f0. Grevstur Grevstur er ein t\u00fddningarmikil partur av \u00f8llum byggiverk\u00e6tlanum. Vit tryggja n\u00e1kv\u00e6mi, trygd og effektivitet \u00ed \u00f8llum arbei\u00f0num \u2013 fr\u00e1 jar\u00f0arbei\u00f0i til fyrireiking av byggipl\u00e1ssi. [&hellip;]<\/p>\n","protected":false},"author":1,"featured_media":0,"parent":0,"menu_order":0,"comment_status":"closed","ping_status":"closed","template":"","meta":{"footnotes":""},"class_list":["post-18","page","type-page","status-publish","hentry"],"_links":{"self":[{"href":"https:\/\/impact.fo\/index.php?rest_route=\/wp\/v2\/pages\/18","targetHints":{"allow":["GET"]}}],"collection":[{"href":"https:\/\/impact.fo\/index.php?rest_route=\/wp\/v2\/pages"}],"about":[{"href":"https:\/\/impact.fo\/index.php?rest_route=\/wp\/v2\/types\/page"}],"author":[{"embeddable":true,"href":"https:\/\/impact.fo\/index.php?rest_route=\/wp\/v2\/users\/1"}],"replies":[{"embeddable":true,"href":"https:\/\/impact.fo\/index.php?rest_route=%2Fwp%2Fv2%2Fcomments&post=18"}],"version-history":[{"count":21,"href":"https:\/\/impact.fo\/index.php?rest_route=\/wp\/v2\/pages\/18\/revisions"}],"predecessor-version":[{"id":97,"href":"https:\/\/impact.fo\/index.php?rest_route=\/wp\/v2\/pages\/18\/revisions\/97"}],"wp:attachment":[{"href":"https:\/\/impact.fo\/index.php?rest_route=%2Fwp%2Fv2%2Fmedia&parent=18"}],"curies":[{"name":"wp","href":"https:\/\/api.w.org\/{rel}","templated":true}]}}